{"id":309,"date":"2011-06-18T02:01:41","date_gmt":"2011-06-18T00:01:41","guid":{"rendered":"http:\/\/romperelecatene.noblogs.org\/?page_id=309"},"modified":"2012-10-28T21:28:20","modified_gmt":"2012-10-28T20:28:20","slug":"prova","status":"publish","type":"page","link":"https:\/\/romperelecatene.noblogs.org\/?page_id=309","title":{"rendered":"Evasioni"},"content":{"rendered":"<p><em>L&#8217;evasione \u00e8 quel pensiero che tiene chi \u00e8 carcerato avvinghiato alla speranza, alla vita. Qualunque sia stato il motivo della sua carcerazione, la forza per restare in vita viene fuori pensando, sognando di evadere da quel fottutissimo luogo. Si pu\u00f2 sopravvivere aspettando di uscire passando dall&#8217;ufficio matricola o si pu\u00f2 tentar di vivere anche non dormendo la notte ma pensando a come raggiungere la libert\u00e0, l&#8217;uscita, attraverso la fuga.<\/em><br \/>\n<em> Vivi se progetti la fuga ,vivi se quei pensieri si trasformano in tentativi, in prove.<\/em><\/p>\n<p><em>Voglio creare questo blog per me stessa ma in particolare lo sto facendo pensando a tutti gli amici e compagni, anarchici e rivoluzionari, rinchiusi in carcere.<\/em><\/p>\n<p>&nbsp;<\/p>\n<p>&#8212;&#8211; \u00b0 &#8212;&#8211; \u00b0 &#8212;&#8211; \u00b0 &#8212;&#8211; \u00b0 &#8212;&#8211; \u00b0 &#8212;&#8211; \u00b0 &#8212;&#8211; \u00b0 &#8212;&#8211; \u00b0 &#8212;&#8211; \u00b0 &#8212;&#8211; \u00b0 &#8212;&#8211; \u00b0 &#8212;&#8211; \u00b0 &#8212;&#8211; \u00b0 &#8212;&#8211; \u00b0 &#8212;&#8211; \u00b0 &#8212;&#8211;<\/p>\n<p>&nbsp;<\/p>\n<h3><span style=\"text-decoration: underline\">&#8211; Famose evasioni dal carcere:<\/span><\/h3>\n<p><a href=\"https:\/\/romperelecatene.noblogs.org\/files\/2011\/06\/evasione_vauro2.jpg\"><img loading=\"lazy\" decoding=\"async\" class=\"alignleft  wp-image-800\" src=\"https:\/\/romperelecatene.noblogs.org\/files\/2011\/06\/evasione_vauro2-300x247.jpg\" alt=\"\" width=\"192\" height=\"130\" \/><\/a><span style=\"text-decoration: underline\">Graziano Mesina<\/span> &#8211; ha costruito la sua fama di bandito anche grazie alla spettacolarita&#8217; delle sue evasioni.<br \/>\nLa prima risale all&#8217;11 maggio 1962, quando Grazianeddu fugge dal treno mentre viene trasferito, con le manette ai polsi, da Sassari a Nuoro.<br \/>\nL&#8217;ultima &#8220;impresa&#8221; e&#8217; del 1992 quando un &#8220;viaggetto&#8221; senza autorizzazione del magistrato gli costa la revoca della liberta&#8217; condizionale e lo riporta in carcere per scontare l&#8217;ergastolo.<\/p>\n<p><span style=\"text-decoration: underline\">Raffaele Cutolo<\/span> &#8211; nel 1978 si rende protagonista di una fuga spettacolare: con l&#8217;aiuto di alcuni complici fa esplodere un ordigno che apre un varco nel muro di cinta dell&#8217;ospedale psichiatrico di Aversa e scappa.<\/p>\n<p><span style=\"text-decoration: underline\">Renato Vallanzasca<\/span> &#8211; La prima volta risale al 1974 quando cerca di andarsene da San Vittore con il vecchio sistema delle lenzuola annodate: fallisce.<br \/>\nCi riesce nel luglio del 1976 quando esce indisturbato dall&#8217;ospedale Bassi.<br \/>\nAltra fuga clamorosa nel luglio del 1987: Vallanzasca scappa dal traghetto nel porto di Genova.<\/p>\n<p><span style=\"text-decoration: underline\">Quattro detenute di Prima Linea<\/span> &#8211; Conclusa l&#8217;esperienza Prima Linea, nell&#8217;aprile del 1981 Sergio Segio fond\u00f2 i Comunisti Organizzati per la Liberazione Proletaria, che aveva come unico obiettivo la liberazione dei compagni imprigionati e l&#8217;attacco alle carceri speciali. In tale situazione rivendic\u00f2 il 18 settembre dello stesso anno l&#8217;omicidio del vicebrigadiere degli agenti di custodia Francesco Rucci. Il 3 gennaio del 1982 Un nucleo armato guidato da Sergio Segio assalta il carcere di Rovigo e libera 4 detenute, Loredana Biancamano, Federica Meroni, Marina Premoli. L&#8217;esplosione di una bomba per far crollare una parte del muro di cinta e permettere l&#8217;evasione caus\u00f2 la morte accidentale di un passante, Angelo Furlan.<\/p>\n<p><span style=\"text-decoration: underline\">Felice Maniero<\/span> &#8211; giugno 1994 &#8211; evasione favorita dall&#8217;assalto di un commando armato al carcere di Padova.<\/p>\n<p><span style=\"text-decoration: underline\">Gianluigi Esposito e Andre&#8217; Bellaiche<\/span> &#8211; I due vengono prelevati &#8211; siamo nell&#8217;87 &#8211; da un elicottero che atterra all&#8217;interno del carcere romano di Rebibbia.<\/p>\n<p><span style=\"text-decoration: underline\">Horst Fantazzini<\/span> &#8211; &#8230;&#8230;&#8230;&#8230;&#8230;&#8230;..<\/p>\n<p><a href=\"https:\/\/romperelecatene.noblogs.org\/files\/2011\/06\/spezzare-le-catene-300x2871.jpg\"><img loading=\"lazy\" decoding=\"async\" class=\"size-thumbnail wp-image-310 alignleft\" src=\"https:\/\/romperelecatene.noblogs.org\/files\/2011\/06\/spezzare-le-catene-300x2871-150x150.jpg\" alt=\"\" width=\"190\" height=\"190\" \/><\/a><\/p>\n<p>&nbsp;<\/p>\n<p><strong><em>\u00a0\u00a0\u00a0\u00a0 <\/em><\/strong><\/p>\n<p>&nbsp;<\/p>\n<p><strong><em>\u00a0\u00a0 &#8230;.. TO B<\/em><\/strong><strong><em>E CONT<\/em><\/strong><strong><em>INUED&#8230;..<\/em><\/strong><\/p>\n","protected":false},"excerpt":{"rendered":"<p>L&#8217;evasione \u00e8 quel pensiero che tiene chi \u00e8 carcerato avvinghiato alla speranza, alla vita. Qualunque sia stato il motivo della sua carcerazione, la forza per restare in vita viene fuori pensando, sognando di evadere da quel fottutissimo luogo. Si pu\u00f2 sopravvivere aspettando di uscire passando dall&#8217;ufficio matricola o si pu\u00f2 tentar di vivere anche non [&hellip;]<\/p>\n","protected":false},"author":1461,"featured_media":0,"parent":0,"menu_order":0,"comment_status":"open","ping_status":"open","template":"","meta":{"footnotes":""},"class_list":["post-309","page","type-page","status-publish","hentry"],"_links":{"self":[{"href":"https:\/\/romperelecatene.noblogs.org\/index.php?rest_route=\/wp\/v2\/pages\/309","targetHints":{"allow":["GET"]}}],"collection":[{"href":"https:\/\/romperelecatene.noblogs.org\/index.php?rest_route=\/wp\/v2\/pages"}],"about":[{"href":"https:\/\/romperelecatene.noblogs.org\/index.php?rest_route=\/wp\/v2\/types\/page"}],"author":[{"embeddable":true,"href":"https:\/\/romperelecatene.noblogs.org\/index.php?rest_route=\/wp\/v2\/users\/1461"}],"replies":[{"embeddable":true,"href":"https:\/\/romperelecatene.noblogs.org\/index.php?rest_route=%2Fwp%2Fv2%2Fcomments&post=309"}],"version-history":[{"count":13,"href":"https:\/\/romperelecatene.noblogs.org\/index.php?rest_route=\/wp\/v2\/pages\/309\/revisions"}],"predecessor-version":[{"id":314,"href":"https:\/\/romperelecatene.noblogs.org\/index.php?rest_route=\/wp\/v2\/pages\/309\/revisions\/314"}],"wp:attachment":[{"href":"https:\/\/romperelecatene.noblogs.org\/index.php?rest_route=%2Fwp%2Fv2%2Fmedia&parent=309"}],"curies":[{"name":"wp","href":"https:\/\/api.w.org\/{rel}","templated":true}]}}